{"id":83,"date":"2018-03-16T12:12:59","date_gmt":"2018-03-16T11:12:59","guid":{"rendered":"https:\/\/nur-noch-kurz-die-welt-retten.org\/?page_id=83"},"modified":"2018-03-18T17:55:13","modified_gmt":"2018-03-18T16:55:13","slug":"warum-mache-ich-das-und-fuer-wen","status":"publish","type":"page","link":"https:\/\/nur-noch-kurz-die-welt-retten.org\/?page_id=83","title":{"rendered":"Warum mache ich das und f\u00fcr wen?"},"content":{"rendered":"<p>Der wohl am h\u00e4ufigsten genannte Grund f\u00fcr einen Freiwilligendienst ist, dass jemand &#8222;helfen&#8220; oder &#8222;etwas Gutes tun&#8220; m\u00f6chte. Das klingt zun\u00e4chst nach einem edlen Motiv f\u00fcr einen Freiwilligendienst, h\u00e4ufig wird dabei jedoch \u00fcbersehen, welche Vorurteile \u00fcber den Globalen S\u00fcden hierbei mitschwingen. In weniger &#8222;entwickelten&#8220; Teilen der Welt sei die Hilfe von Freiwilligen aus dem Globalen Norden notwendig, um die gew\u00fcnschte &#8222;Entwicklung&#8220; voranzutreiben. Der Gedanke einer sogenannten Entwicklung ist zu gro\u00dfen Teilen eine koloniale Idee: Menschen in anderen Weltregionen sollen sich an einem vermeintlich entwickelten, modernen und zivilisierten Europa orientieren. Seit dem Beginn der Kolonialzeit wird aber die Idee der Missionierung, der Hilfe und der Entwicklung von europ\u00e4ischen M\u00e4chten nur vorget\u00e4uscht, um die extreme Gewalt und Ausbeutung des Kolonialismus zu rechtfertigen. Angesichts der fortschreitenden Ausbeutung des Globalen S\u00fcdens bekommt das Wort &#8222;helfen&#8220; einen komischen Beigeschmack. Wie vermessen dieses Argument der Hilfe ist, wird vielleicht f\u00fcr manche noch deutlicher, wenn die Parallele zum europ\u00e4ischen Ausland gezogen wird. Wenige Jugendliche w\u00fcrden auf die Idee kommen, einen Monat in Gro\u00dfbritannien zu leben, um den Menschen dort zu helfen und das Land voranzubringen. Oft wird das eigene Engagement auch bewusst oder unterbewusst als Beruhigung des eigenen schlechten Gewissens aufgrund der eigenen Privilegien angesehen.<\/p>\n<p>Neben dieser Motivation f\u00fcr einen Freiwilligendienst, geht es vielen auch um das Erlernen einer Sprache und um Auslandserfahrung generell, die man f\u00fcr den optimalen Lebenslauf schon mal gemacht haben sollte. Der Lerneffekt sollte aber bei einem kurzen Aufenthalt im Gastland zumindest nicht \u00fcbersch\u00e4tzt werden, denn besonders viele interkulturelle Erfahrungen macht man in vier Wochen in Kambodscha eher nicht. Meistens orientiert man sich in so kurzer Zeit noch mehr nach anderen Freiwilligen und verbringt die meiste Zeit in einer Gruppe, deren Mitglieder eine \u00e4hnlich privilegierte Stellung innehaben.<\/p>\n","protected":false},"excerpt":{"rendered":"<p>Der wohl am h\u00e4ufigsten genannte Grund f\u00fcr einen Freiwilligendienst ist, dass jemand &#8222;helfen&#8220; oder &#8222;etwas Gutes tun&#8220; m\u00f6chte. Das klingt zun\u00e4chst nach einem edlen Motiv f\u00fcr einen Freiwilligendienst, h\u00e4ufig wird dabei jedoch \u00fcbersehen, welche Vorurteile \u00fcber den Globalen S\u00fcden hierbei mitschwingen. In weniger &#8222;entwickelten&#8220; Teilen der Welt sei die Hilfe [&hellip;]<\/p>\n","protected":false},"author":2,"featured_media":39,"parent":0,"menu_order":0,"comment_status":"closed","ping_status":"closed","template":"","meta":{"footnotes":""},"class_list":["post-83","page","type-page","status-publish","has-post-thumbnail","hentry"],"_links":{"self":[{"href":"https:\/\/nur-noch-kurz-die-welt-retten.org\/index.php?rest_route=\/wp\/v2\/pages\/83","targetHints":{"allow":["GET"]}}],"collection":[{"href":"https:\/\/nur-noch-kurz-die-welt-retten.org\/index.php?rest_route=\/wp\/v2\/pages"}],"about":[{"href":"https:\/\/nur-noch-kurz-die-welt-retten.org\/index.php?rest_route=\/wp\/v2\/types\/page"}],"author":[{"embeddable":true,"href":"https:\/\/nur-noch-kurz-die-welt-retten.org\/index.php?rest_route=\/wp\/v2\/users\/2"}],"replies":[{"embeddable":true,"href":"https:\/\/nur-noch-kurz-die-welt-retten.org\/index.php?rest_route=%2Fwp%2Fv2%2Fcomments&post=83"}],"version-history":[{"count":2,"href":"https:\/\/nur-noch-kurz-die-welt-retten.org\/index.php?rest_route=\/wp\/v2\/pages\/83\/revisions"}],"predecessor-version":[{"id":112,"href":"https:\/\/nur-noch-kurz-die-welt-retten.org\/index.php?rest_route=\/wp\/v2\/pages\/83\/revisions\/112"}],"wp:featuredmedia":[{"embeddable":true,"href":"https:\/\/nur-noch-kurz-die-welt-retten.org\/index.php?rest_route=\/wp\/v2\/media\/39"}],"wp:attachment":[{"href":"https:\/\/nur-noch-kurz-die-welt-retten.org\/index.php?rest_route=%2Fwp%2Fv2%2Fmedia&parent=83"}],"curies":[{"name":"wp","href":"https:\/\/api.w.org\/{rel}","templated":true}]}}