{"id":81,"date":"2018-03-16T12:10:55","date_gmt":"2018-03-16T11:10:55","guid":{"rendered":"https:\/\/nur-noch-kurz-die-welt-retten.org\/?page_id=81"},"modified":"2018-03-16T12:26:18","modified_gmt":"2018-03-16T11:26:18","slug":"was-sind-die-auswirkungen","status":"publish","type":"page","link":"https:\/\/nur-noch-kurz-die-welt-retten.org\/?page_id=81","title":{"rendered":"Was sind die Auswirkungen?"},"content":{"rendered":"<p>Missverst\u00e4ndnisse und \u00dcberforderung sind bei Auslandsaufenthalten keine Seltenheit. Um auf solche Situationen angemessen zu reagieren, ist es sicher hilfreich, an guten Vorbereitungsseminaren zu Sprache und Geschichte des Gastlandes, aber auch zu eigenen Verhaltensweise etc. teilzunehmen. Oft kommt es ohne solche Vorbereitung (aber durchaus auch trotz Seminaren zu Rassismus, Privilegien, etc.) zu vorschnellem Urteil der Freiwilligen \u00fcber &#8222;die Gesellschaft&#8220; im entsprechenden Land.<\/p>\n<p>Zudem gehen Jugendliche oft mit bestimmten Anspr\u00fcchen in ihren Freiwilligendienst und sie erwarten, dass sie f\u00fcr die hohe Geldsumme auch genau das kriegen, was ihnen in den Brosch\u00fcren der Anbieter versprochen wurde. Dass die Menschen im Gastland oft aber nicht sehns\u00fcchtig auf Freiwillige aus Deutschland oder einem anderen Land des Globalen Nordens gewartet haben und sie in der kurzen Zeit, die sie dort verbringen, nicht immer die spannendsten Aufgaben erledigen d\u00fcrfen, entt\u00e4uscht viele und wird nicht immer akzeptiert. Diese unerf\u00fcllten Erwartungen f\u00fchren manchmal zu Frustration und in Verbindung mit mangelndem Verst\u00e4ndnis f\u00fcr die Situation in der Einsatzstelle k\u00f6nnen daraus leicht verst\u00e4rkte Vorurteile entstehen, anstatt diese abzubauen.<\/p>\n<p>Problematisch sind insbesondere Freiwilligendienste in sozialen Einrichtungen, da die Kinder oder andere Betreute im Projekt gezwungen sind, sich auf jede*n Freiwillige*n neu einzulassen und keine langfristigen Bindungen entstehen k\u00f6nnen, da sich die Bezugspersonen nach kurzer Zeit wieder verabschieden. Das gilt besonders f\u00fcr Kurzzeitfreiwilligendienste von beispielsweise nur einem Monat, da es nahezu unm\u00f6glich ist, sich in einem solch kurzen Zeitraum einzuarbeiten und nebenbei noch zu einer Vertrauensperson f\u00fcr die Menschen im Projekt zu werden.<\/p>\n<p>Auch wenn von vielen Anbietern garantiert wird, keine lokalen Arbeitspl\u00e4tze w\u00fcrden wegen Freiwilligendienstprogrammen wegfallen, so ist es doch sinnvoll, sich die Frage zu stellen, ob die Arbeit, die Freiwillige in L\u00e4ndern des Globalen S\u00fcden verrichten, nicht auch besser von lokalen, ausgebildeten Arbeitskr\u00e4ften erledigt werden k\u00f6nnte. Zu bedenken sind auch Klimasch\u00e4den, die durch den Flug entstehen und die Frage, ob es nicht zynisch ist, unter hohen CO2-Emmissionen in die L\u00e4nder zu fliegen, die am meisten vom Klimawandel betroffen sind, um den Menschen dort zu &#8222;helfen&#8220;.<\/p>\n<p>Nicht zu untersch\u00e4tzen ist letztlich die Verantwortung, die auf den Freiwilligen liegt, differenziert \u00fcber ihr Gastland zu berichten. Oft geh\u00f6ren sie zu den wenigen Personen in ihrem sozialen Umfeld, die eine Auslandserfahrung im Globalen S\u00fcden machen und so werden sie zu einer wichtigen Informationsquelle \u00fcber das Gastland. Was die Freiwilligen berichten, l\u00e4uft Gefahr, verallgemeinert zu werden und als umfassende, sachliche Berichterstattung \u00fcber eine ganze &#8222;Gesellschaft&#8220; oder &#8222;Kultur&#8220; fehlinterpretiert zu werden. In Blogs, Rundmails oder Berichten nach dem Freiwilligendienst werden durch \u00fcbertriebene, einseitige Schilderungen oft Vorurteile reproduziert und die Vielf\u00e4ltigkeit des Landes bewusst oder unterbewusst ignoriert und \u00fcbersehen.<\/p>\n","protected":false},"excerpt":{"rendered":"<p>Missverst\u00e4ndnisse und \u00dcberforderung sind bei Auslandsaufenthalten keine Seltenheit. Um auf solche Situationen angemessen zu reagieren, ist es sicher hilfreich, an guten Vorbereitungsseminaren zu Sprache und Geschichte des Gastlandes, aber auch zu eigenen Verhaltensweise etc. teilzunehmen. Oft kommt es ohne solche Vorbereitung (aber durchaus auch trotz Seminaren zu Rassismus, Privilegien, etc.) [&hellip;]<\/p>\n","protected":false},"author":2,"featured_media":38,"parent":0,"menu_order":0,"comment_status":"closed","ping_status":"closed","template":"","meta":{"footnotes":""},"class_list":["post-81","page","type-page","status-publish","has-post-thumbnail","hentry"],"_links":{"self":[{"href":"https:\/\/nur-noch-kurz-die-welt-retten.org\/index.php?rest_route=\/wp\/v2\/pages\/81","targetHints":{"allow":["GET"]}}],"collection":[{"href":"https:\/\/nur-noch-kurz-die-welt-retten.org\/index.php?rest_route=\/wp\/v2\/pages"}],"about":[{"href":"https:\/\/nur-noch-kurz-die-welt-retten.org\/index.php?rest_route=\/wp\/v2\/types\/page"}],"author":[{"embeddable":true,"href":"https:\/\/nur-noch-kurz-die-welt-retten.org\/index.php?rest_route=\/wp\/v2\/users\/2"}],"replies":[{"embeddable":true,"href":"https:\/\/nur-noch-kurz-die-welt-retten.org\/index.php?rest_route=%2Fwp%2Fv2%2Fcomments&post=81"}],"version-history":[{"count":1,"href":"https:\/\/nur-noch-kurz-die-welt-retten.org\/index.php?rest_route=\/wp\/v2\/pages\/81\/revisions"}],"predecessor-version":[{"id":82,"href":"https:\/\/nur-noch-kurz-die-welt-retten.org\/index.php?rest_route=\/wp\/v2\/pages\/81\/revisions\/82"}],"wp:featuredmedia":[{"embeddable":true,"href":"https:\/\/nur-noch-kurz-die-welt-retten.org\/index.php?rest_route=\/wp\/v2\/media\/38"}],"wp:attachment":[{"href":"https:\/\/nur-noch-kurz-die-welt-retten.org\/index.php?rest_route=%2Fwp%2Fv2%2Fmedia&parent=81"}],"curies":[{"name":"wp","href":"https:\/\/api.w.org\/{rel}","templated":true}]}}