{"id":6,"date":"2018-03-06T22:24:03","date_gmt":"2018-03-06T21:24:03","guid":{"rendered":"https:\/\/nur-noch-kurz-die-welt-retten.org\/?page_id=6"},"modified":"2018-04-02T12:55:18","modified_gmt":"2018-04-02T10:55:18","slug":"startseite","status":"publish","type":"page","link":"https:\/\/nur-noch-kurz-die-welt-retten.org\/","title":{"rendered":"Startseite"},"content":{"rendered":"<h3 style=\"text-align: center\">Herzlich Willkommen!<\/h3>\n<p style=\"text-align: center\">Du bist \u00fcber einen <a href=\"http:\/\/zugvoegel.org\/materialien\/\">Flyer<\/a> auf uns aufmerksam geworden oder zuf\u00e4llig \u00fcber uns gestolpert?<br \/> Auf dieser Seite wollen wir verschiedene Seiten von Kurzzeitfreiwilligendiensten beleuchten und zum Nachdenken anregen.<\/p>\n","protected":false},"excerpt":{"rendered":"<p>Herzlich Willkommen! Du bist \u00fcber einen Flyer auf uns aufmerksam geworden oder zuf\u00e4llig \u00fcber uns gestolpert? Auf dieser Seite wollen wir verschiedene Seiten von Kurzzeitfreiwilligendiensten beleuchten und zum Nachdenken anregen.<\/p>\n","protected":false},"author":2,"featured_media":0,"parent":0,"menu_order":0,"comment_status":"closed","ping_status":"closed","template":"","meta":{"footnotes":""},"class_list":["post-6","page","type-page","status-publish","hentry"],"_links":{"self":[{"href":"https:\/\/nur-noch-kurz-die-welt-retten.org\/index.php?rest_route=\/wp\/v2\/pages\/6","targetHints":{"allow":["GET"]}}],"collection":[{"href":"https:\/\/nur-noch-kurz-die-welt-retten.org\/index.php?rest_route=\/wp\/v2\/pages"}],"about":[{"href":"https:\/\/nur-noch-kurz-die-welt-retten.org\/index.php?rest_route=\/wp\/v2\/types\/page"}],"author":[{"embeddable":true,"href":"https:\/\/nur-noch-kurz-die-welt-retten.org\/index.php?rest_route=\/wp\/v2\/users\/2"}],"replies":[{"embeddable":true,"href":"https:\/\/nur-noch-kurz-die-welt-retten.org\/index.php?rest_route=%2Fwp%2Fv2%2Fcomments&post=6"}],"version-history":[{"count":6,"href":"https:\/\/nur-noch-kurz-die-welt-retten.org\/index.php?rest_route=\/wp\/v2\/pages\/6\/revisions"}],"predecessor-version":[{"id":193,"href":"https:\/\/nur-noch-kurz-die-welt-retten.org\/index.php?rest_route=\/wp\/v2\/pages\/6\/revisions\/193"}],"wp:attachment":[{"href":"https:\/\/nur-noch-kurz-die-welt-retten.org\/index.php?rest_route=%2Fwp%2Fv2%2Fmedia&parent=6"}],"curies":[{"name":"wp","href":"https:\/\/api.w.org\/{rel}","templated":true}]}}